{"id":735,"date":"2021-01-22T22:49:34","date_gmt":"2021-01-22T22:49:34","guid":{"rendered":"https:\/\/creatingmywebsite.website\/?page_id=735"},"modified":"2021-02-24T15:26:18","modified_gmt":"2021-02-24T15:26:18","slug":"terms-services","status":"publish","type":"page","link":"https:\/\/servicestaxemax.com\/fr\/terms-services\/","title":{"rendered":"Terms &#038; Services"},"content":{"rendered":"<div data-elementor-type=\"wp-page\" data-elementor-id=\"735\" class=\"elementor elementor-735\">\n\t\t\t\t\t\t<section class=\"elementor-section elementor-top-section elementor-element elementor-element-1b0a5d33 elementor-section-boxed elementor-section-height-default elementor-section-height-default\" data-id=\"1b0a5d33\" data-element_type=\"section\" data-e-type=\"section\" data-settings=\"{&quot;background_background&quot;:&quot;classic&quot;}\">\n\t\t\t\t\t\t<div class=\"elementor-container elementor-column-gap-default\">\n\t\t\t\t\t<div class=\"elementor-column elementor-col-100 elementor-top-column elementor-element elementor-element-1f841ba\" data-id=\"1f841ba\" data-element_type=\"column\" data-e-type=\"column\">\n\t\t\t<div class=\"elementor-widget-wrap elementor-element-populated\">\n\t\t\t\t\t\t<div class=\"elementor-element elementor-element-365ba0bd elementor-widget elementor-widget-heading\" data-id=\"365ba0bd\" data-element_type=\"widget\" data-e-type=\"widget\" data-widget_type=\"heading.default\">\n\t\t\t\t<div class=\"elementor-widget-container\">\n\t\t\t\t\t<h1 class=\"elementor-heading-title elementor-size-default\">Conditions de services<\/h1>\t\t\t\t<\/div>\n\t\t\t\t<\/div>\n\t\t\t\t\t<\/div>\n\t\t<\/div>\n\t\t\t\t\t<\/div>\n\t\t<\/section>\n\t\t\t\t<section class=\"elementor-section elementor-top-section elementor-element elementor-element-66c5178 elementor-section-boxed elementor-section-height-default elementor-section-height-default\" data-id=\"66c5178\" data-element_type=\"section\" data-e-type=\"section\" data-settings=\"{&quot;background_background&quot;:&quot;classic&quot;}\">\n\t\t\t\t\t\t<div class=\"elementor-container elementor-column-gap-default\">\n\t\t\t\t\t<div class=\"elementor-column elementor-col-100 elementor-top-column elementor-element elementor-element-9785c02\" data-id=\"9785c02\" data-element_type=\"column\" data-e-type=\"column\">\n\t\t\t<div class=\"elementor-widget-wrap elementor-element-populated\">\n\t\t\t\t\t\t<div class=\"elementor-element elementor-element-5f2b335 elementor-widget elementor-widget-heading\" data-id=\"5f2b335\" data-element_type=\"widget\" data-e-type=\"widget\" data-widget_type=\"heading.default\">\n\t\t\t\t<div class=\"elementor-widget-container\">\n\t\t\t\t\t<h2 class=\"elementor-heading-title elementor-size-default\"><b>Contrat de services entre Services Taxe-Max S.E.N.C et le client<\/b><\/h2>\t\t\t\t<\/div>\n\t\t\t\t<\/div>\n\t\t\t\t<div class=\"elementor-element elementor-element-43a481f elementor-widget elementor-widget-text-editor\" data-id=\"43a481f\" data-element_type=\"widget\" data-e-type=\"widget\" data-widget_type=\"text-editor.default\">\n\t\t\t\t<div class=\"elementor-widget-container\">\n\t\t\t\t\t\t\t\t\t<p class=\"translation-block\">*Le masculin est utilis\u00e9 afin d'all\u00e9ger le texte*<\/p><ul><li class=\"translation-block\"><strong>\u00a0<\/strong><strong style=\"font-size: 16px\"><em>Services Taxe-Max S.E.N.C <\/em><\/strong><span style=\"font-size: 16px\"> est une entreprise enregistr\u00e9e au registre des entreprises qu\u00e9b\u00e9coises. Son mandat est de fournir \u00e0 ses clients un service de pr\u00e9paration de d\u00e9claration de revenus pour les ann\u00e9es choisies. Nous serons aussi responsables de l\u2019envoi de la d\u00e9claration par l\u2019entremise de logiciels, autoris\u00e9s pour la production de la d\u00e9claration de revenu des particuliers. Services Taxe-Max S.E.N.C ne se permettra jamais de transmettre une d\u00e9claration sans le consentement des deux parties. (<\/span><strong style=\"font-size: 16px\"><em>Services Taxe-Max S.E.N.C et le client)<\/em><\/strong><\/li><\/ul><p><strong>\u00a0\u00a0\u00a0\u00a0\u00a0\u00a0\u00a0\u00a0\u00a0\u00a0\u00a0\u00a0\u00a0\u00a0\u00a0\u00a0\u00a0\u00a0\u00a0\u00a0\u00a0\u00a0\u00a0\u00a0\u00a0 \u00a0\u00a0\u00a0\u00a0\u00a0\u00a0\u00a0\u00a0\u00a0\u00a0\u00a0\u00a0\u00a0\u00a0\u00a0\u00a0\u00a0\u00a0\u00a0\u00a0\u00a0\u00a0\u00a0\u00a0\u00a0\u00a0\u00a0\u00a0\u00a0\u00a0\u00a0\u00a0\u00a0\u00a0<\/strong><\/p><ul><li class=\"translation-block\"><strong><em>Services Taxe-Max S.E.N.C <\/em><\/strong> n\u2019enverra jamais de d\u00e9claration sans l\u2019autorisation du client. Une fois la d\u00e9claration termin\u00e9e, nous contacterons le client afin de s\u2019assurer qu\u2019il approuve sa d\u00e9claration ainsi qu\u2019une autorisation pour envoyer sa\/ses d\u00e9claration(s). Le client est responsable de fournir les documents en conformit\u00e9 avec la Loi de l\u2019imp\u00f4t sur le revenu ainsi que tous les documents n\u00e9cessaires afin de remplir la d\u00e9claration d\u2019imp\u00f4ts. <strong><em>Services Taxe-Max S.E.N.C<\/em><\/strong> ne sera pas responsable des documents manquants, et un suppl\u00e9ment pourrait \u00eatre appliqu\u00e9 pour une retransmission d\u2019une d\u00e9claration fiscale.<\/li><\/ul><p><strong>\u00a0<\/strong><\/p><ul><li class=\"translation-block\">Bien que <strong><em>Services Taxe-Max S.E.N.C <\/em><\/strong> soit responsable de transmettre les donn\u00e9es du client, le client doit approuver la d\u00e9claration et autoriser l\u2019envoi pour que <strong><em>Services Taxe-Max S.E.N.C <\/em><\/strong> puisse transmettre la d\u00e9claration \u00e0 l\u2019Agence du Revenu du Canada ainsi que Revenu Qu\u00e9bec \u00e0 temps. S\u2019il advenait que le client n\u2019approuve ou n\u2019autorise pas l\u2019envoi un jour avant la date limite fiscale, des frais de retards et p\u00e9nalit\u00e9s pourraient \u00eatre engendr\u00e9s par les diff\u00e9rents gouvernements. <strong><em>Services Taxe-Max S.E.N.C<\/em><\/strong> n\u2019est en aucun cas responsable pour ces co\u00fbts.<\/li><\/ul><p><strong>\u00a0<\/strong><\/p><ul><li class=\"translation-block\">Puisque la responsabilit\u00e9 finale de la d\u00e9claration est celle du client, <strong><em>Services Taxe-Max S.E.N.C <\/em><\/strong> sugg\u00e8re fortement \u00e0 ses clients de garder tous les feuillets ayant servi \u00e0 la d\u00e9claration d\u2019imp\u00f4ts pour une p\u00e9riode de six ans dans le cas o\u00f9 le client ferait face \u00e0 un audit. \u00c0 noter, si vous recevez un avis de cotisation o\u00f9 vous n\u2019\u00eates pas d\u2019accord, vous aurez 90 jours pour contester.<\/li><\/ul><p><strong>\u00a0<\/strong><\/p><ul><li class=\"translation-block\"><strong><em>Services Taxe-Max S.E.N.C <\/em><\/strong> se r\u00e9serve le droit de contester la validit\u00e9 et l\u2019exhaustivit\u00e9 des donn\u00e9es re\u00e7us par le client. Si nous jugeons que les donn\u00e9es re\u00e7ues ne sont pas ad\u00e9quates afin de transmettre la d\u00e9claration. <strong><em>Services Taxe-Max S.E.N.C <\/em><\/strong> se r\u00e9serve le droit d\u2019annuler ou de refuser ses services \u00e0 un client \u00e0 n\u2019importe quel moment du processus.<\/li><\/ul><p><strong>\u00a0<\/strong><\/p><ul><li class=\"translation-block\">Une politique de tol\u00e9rance z\u00e9ro face \u00e0 la violence verbale et psychologique est mise en place. <strong><em>Services Taxe-Max S.E.N.C <\/em><\/strong> se r\u00e9serve le droit d\u2019annuler ou de refuser ses services \u00e0 un client \u00e0 n\u2019importe quel moment du processus.<\/li><\/ul><p><strong>\u00a0<\/strong><\/p><ul><li class=\"translation-block\">\u00c0 moins d\u2019indications contraires, <em>Services Taxe-Max S.E.N.C <\/em><\/strong> ne sera en aucun cas consid\u00e9r\u00e9 comme repr\u00e9sentant autoris\u00e9 lors du service offert.<\/li><\/ul><p><strong>\u00a0<\/strong><\/p><ul><li class=\"translation-block\">Les donn\u00e9es transmisent \u00e0 <strong><em>Services Taxe-Max S.E.N.C <\/em><\/strong> ne seront utilis\u00e9es qu\u2019\u00e0 des fins de d\u00e9clarations d\u2019imp\u00f4ts. Nous adaptons des mesures s\u00e9curitaires afin de prot\u00e9ger vos donn\u00e9es personnelles.<\/li><\/ul><p><strong>\u00a0<\/strong><\/p><ul><li class=\"translation-block\">En envoyant les informations, le client accepte le contrat de services de <strong><em>Services Taxe-Max S.E.N.C<\/em><\/strong><\/li><\/ul>\t\t\t\t\t\t\t\t<\/div>\n\t\t\t\t<\/div>\n\t\t\t\t\t<\/div>\n\t\t<\/div>\n\t\t\t\t\t<\/div>\n\t\t<\/section>\n\t\t\t\t<\/div>","protected":false},"excerpt":{"rendered":"<p>Terms of Services Service contract between Services Taxe-Max S.E.N.C and the customer **To lighten the text, the pronoun \u201cwe\u201d refers to Services Taxe-Max S.E.N.C** \u00a0Services Taxe-Max S.E.N.C is a registered company under the Registraire des entreprises Qu\u00e9bec. Its mandate is to provide customer with tax return preparation for the selected years. We will also be [&hellip;]<\/p>\n","protected":false},"author":1,"featured_media":0,"parent":0,"menu_order":0,"comment_status":"closed","ping_status":"closed","template":"","meta":{"site-sidebar-layout":"no-sidebar","site-content-layout":"page-builder","ast-site-content-layout":"default","site-content-style":"default","site-sidebar-style":"default","ast-global-header-display":"","ast-banner-title-visibility":"","ast-main-header-display":"","ast-hfb-above-header-display":"","ast-hfb-below-header-display":"","ast-hfb-mobile-header-display":"","site-post-title":"disabled","ast-breadcrumbs-content":"","ast-featured-img":"disabled","footer-sml-layout":"","ast-disable-related-posts":"","theme-transparent-header-meta":"enabled","adv-header-id-meta":"","stick-header-meta":"","header-above-stick-meta":"","header-main-stick-meta":"","header-below-stick-meta":"","astra-migrate-meta-layouts":"default","ast-page-background-enabled":"default","ast-page-background-meta":{"desktop":{"background-color":"","background-image":"","background-repeat":"repeat","background-position":"center center","background-size":"auto","background-attachment":"scroll","background-type":"","background-media":"","overlay-type":"","overlay-color":"","overlay-opacity":"","overlay-gradient":""},"tablet":{"background-color":"","background-image":"","background-repeat":"repeat","background-position":"center center","background-size":"auto","background-attachment":"scroll","background-type":"","background-media":"","overlay-type":"","overlay-color":"","overlay-opacity":"","overlay-gradient":""},"mobile":{"background-color":"","background-image":"","background-repeat":"repeat","background-position":"center center","background-size":"auto","background-attachment":"scroll","background-type":"","background-media":"","overlay-type":"","overlay-color":"","overlay-opacity":"","overlay-gradient":""}},"ast-content-background-meta":{"desktop":{"background-color":"var(--ast-global-color-5)","background-image":"","background-repeat":"repeat","background-position":"center center","background-size":"auto","background-attachment":"scroll","background-type":"","background-media":"","overlay-type":"","overlay-color":"","overlay-opacity":"","overlay-gradient":""},"tablet":{"background-color":"var(--ast-global-color-5)","background-image":"","background-repeat":"repeat","background-position":"center center","background-size":"auto","background-attachment":"scroll","background-type":"","background-media":"","overlay-type":"","overlay-color":"","overlay-opacity":"","overlay-gradient":""},"mobile":{"background-color":"var(--ast-global-color-5)","background-image":"","background-repeat":"repeat","background-position":"center center","background-size":"auto","background-attachment":"scroll","background-type":"","background-media":"","overlay-type":"","overlay-color":"","overlay-opacity":"","overlay-gradient":""}},"footnotes":""},"class_list":["post-735","page","type-page","status-publish","hentry"],"aioseo_notices":[],"_links":{"self":[{"href":"https:\/\/servicestaxemax.com\/fr\/wp-json\/wp\/v2\/pages\/735","targetHints":{"allow":["GET"]}}],"collection":[{"href":"https:\/\/servicestaxemax.com\/fr\/wp-json\/wp\/v2\/pages"}],"about":[{"href":"https:\/\/servicestaxemax.com\/fr\/wp-json\/wp\/v2\/types\/page"}],"author":[{"embeddable":true,"href":"https:\/\/servicestaxemax.com\/fr\/wp-json\/wp\/v2\/users\/1"}],"replies":[{"embeddable":true,"href":"https:\/\/servicestaxemax.com\/fr\/wp-json\/wp\/v2\/comments?post=735"}],"version-history":[{"count":37,"href":"https:\/\/servicestaxemax.com\/fr\/wp-json\/wp\/v2\/pages\/735\/revisions"}],"predecessor-version":[{"id":1924,"href":"https:\/\/servicestaxemax.com\/fr\/wp-json\/wp\/v2\/pages\/735\/revisions\/1924"}],"wp:attachment":[{"href":"https:\/\/servicestaxemax.com\/fr\/wp-json\/wp\/v2\/media?parent=735"}],"curies":[{"name":"wp","href":"https:\/\/api.w.org\/{rel}","templated":true}]}}